{"id":81,"date":"2024-06-27T19:50:03","date_gmt":"2024-06-27T18:50:03","guid":{"rendered":"https:\/\/allabibcom.ma\/aubeaufanion\/index.php\/product\/hand-watch\/"},"modified":"2024-09-15T22:18:41","modified_gmt":"2024-09-15T21:18:41","slug":"necessaire-bureau-q01","status":"publish","type":"product","link":"https:\/\/aubeaufanion.com\/index.php\/\/product\/necessaire-bureau-q01\/","title":{"rendered":"R\u00e9f \/ Q01 N\u00e9cessaire de bureau 7 \u00e9l\u00e9ments en simili cuir"},"content":{"rendered":"<p>\u2013 N\u00e9cessaire de bureau 7 \u00e9l\u00e9ments en simili cuir (existe en d\u2019autres coloris)<\/p>\n","protected":false},"excerpt":{"rendered":"<p>\u2013 N\u00e9cessaire de bureau 7 \u00e9l\u00e9ments en simili cuir (existe en d\u2019autres coloris)<\/p>\n","protected":false},"featured_media":270,"comment_status":"open","ping_status":"closed","template":"","meta":{"_regular_price":[],"currency_symbol":[]},"product_brand":[],"product_cat":[21],"product_tag":[29,32],"class_list":{"0":"post-81","1":"product","2":"type-product","3":"status-publish","4":"has-post-thumbnail","6":"product_cat-maroquinerie-de-bureau","7":"product_tag-bureau","8":"product_tag-maroquinerie","10":"first","11":"instock","12":"shipping-taxable","13":"product-type-simple"},"post_slider_layout_featured_media_urls":{"thumbnail":["https:\/\/aubeaufanion.com\/wp-content\/uploads\/2024\/06\/Necessaire-bureauQ01-150x150.jpg",150,150,true],"post_slider_layout_landscape_large":["https:\/\/aubeaufanion.com\/wp-content\/uploads\/2024\/06\/Necessaire-bureauQ01.jpg",300,300,false],"post_slider_layout_portrait_large":["https:\/\/aubeaufanion.com\/wp-content\/uploads\/2024\/06\/Necessaire-bureauQ01.jpg",300,300,false],"post_slider_layout_square_large":["https:\/\/aubeaufanion.com\/wp-content\/uploads\/2024\/06\/Necessaire-bureauQ01.jpg",300,300,false],"post_slider_layout_landscape":["https:\/\/aubeaufanion.com\/wp-content\/uploads\/2024\/06\/Necessaire-bureauQ01.jpg",300,300,false],"post_slider_layout_portrait":["https:\/\/aubeaufanion.com\/wp-content\/uploads\/2024\/06\/Necessaire-bureauQ01.jpg",300,300,false],"post_slider_layout_square":["https:\/\/aubeaufanion.com\/wp-content\/uploads\/2024\/06\/Necessaire-bureauQ01.jpg",300,300,false],"full":["https:\/\/aubeaufanion.com\/wp-content\/uploads\/2024\/06\/Necessaire-bureauQ01.jpg",300,300,false]},"_links":{"self":[{"href":"https:\/\/aubeaufanion.com\/index.php\/wp-json\/wp\/v2\/product\/81","targetHints":{"allow":["GET"]}}],"collection":[{"href":"https:\/\/aubeaufanion.com\/index.php\/wp-json\/wp\/v2\/product"}],"about":[{"href":"https:\/\/aubeaufanion.com\/index.php\/wp-json\/wp\/v2\/types\/product"}],"replies":[{"embeddable":true,"href":"https:\/\/aubeaufanion.com\/index.php\/wp-json\/wp\/v2\/comments?post=81"}],"wp:featuredmedia":[{"embeddable":true,"href":"https:\/\/aubeaufanion.com\/index.php\/wp-json\/wp\/v2\/media\/270"}],"wp:attachment":[{"href":"https:\/\/aubeaufanion.com\/index.php\/wp-json\/wp\/v2\/media?parent=81"}],"wp:term":[{"taxonomy":"product_brand","embeddable":true,"href":"https:\/\/aubeaufanion.com\/index.php\/wp-json\/wp\/v2\/product_brand?post=81"},{"taxonomy":"product_cat","embeddable":true,"href":"https:\/\/aubeaufanion.com\/index.php\/wp-json\/wp\/v2\/product_cat?post=81"},{"taxonomy":"product_tag","embeddable":true,"href":"https:\/\/aubeaufanion.com\/index.php\/wp-json\/wp\/v2\/product_tag?post=81"}],"curies":[{"name":"wp","href":"https:\/\/api.w.org\/{rel}","templated":true}]}}