{"id":456,"date":"2024-06-24T13:26:25","date_gmt":"2024-06-24T12:26:25","guid":{"rendered":"https:\/\/allabibcom.ma\/aubeaufanion\/?post_type=product&#038;p=456"},"modified":"2024-09-15T22:40:04","modified_gmt":"2024-09-15T21:40:04","slug":"medaillon-en-zamac-grave","status":"publish","type":"product","link":"https:\/\/aubeaufanion.com\/index.php\/\/product\/medaillon-en-zamac-grave\/","title":{"rendered":"R\u00e9f \/ PIN01 M\u00e9daillon en ZAMAC grav\u00e9"},"content":{"rendered":"<p>M\u00e9daillon en ZAMAC grav\u00e9<br \/>\nREF\/PIN01<\/p>\n","protected":false},"excerpt":{"rendered":"<p>M\u00e9daillon en ZAMAC grav\u00e9 REF\/PIN01<\/p>\n","protected":false},"featured_media":457,"comment_status":"open","ping_status":"closed","template":"","meta":{"_regular_price":[],"currency_symbol":[]},"product_brand":[],"product_cat":[15],"product_tag":[],"class_list":{"0":"post-456","1":"product","2":"type-product","3":"status-publish","4":"has-post-thumbnail","6":"product_cat-produits-divers","8":"first","9":"instock","10":"shipping-taxable","11":"product-type-simple"},"post_slider_layout_featured_media_urls":{"thumbnail":["https:\/\/aubeaufanion.com\/wp-content\/uploads\/2024\/08\/MedaillonPIN01-150x150.jpg",150,150,true],"post_slider_layout_landscape_large":["https:\/\/aubeaufanion.com\/wp-content\/uploads\/2024\/08\/MedaillonPIN01.jpg",300,300,false],"post_slider_layout_portrait_large":["https:\/\/aubeaufanion.com\/wp-content\/uploads\/2024\/08\/MedaillonPIN01.jpg",300,300,false],"post_slider_layout_square_large":["https:\/\/aubeaufanion.com\/wp-content\/uploads\/2024\/08\/MedaillonPIN01.jpg",300,300,false],"post_slider_layout_landscape":["https:\/\/aubeaufanion.com\/wp-content\/uploads\/2024\/08\/MedaillonPIN01.jpg",300,300,false],"post_slider_layout_portrait":["https:\/\/aubeaufanion.com\/wp-content\/uploads\/2024\/08\/MedaillonPIN01.jpg",300,300,false],"post_slider_layout_square":["https:\/\/aubeaufanion.com\/wp-content\/uploads\/2024\/08\/MedaillonPIN01.jpg",300,300,false],"full":["https:\/\/aubeaufanion.com\/wp-content\/uploads\/2024\/08\/MedaillonPIN01.jpg",300,300,false]},"_links":{"self":[{"href":"https:\/\/aubeaufanion.com\/index.php\/wp-json\/wp\/v2\/product\/456","targetHints":{"allow":["GET"]}}],"collection":[{"href":"https:\/\/aubeaufanion.com\/index.php\/wp-json\/wp\/v2\/product"}],"about":[{"href":"https:\/\/aubeaufanion.com\/index.php\/wp-json\/wp\/v2\/types\/product"}],"replies":[{"embeddable":true,"href":"https:\/\/aubeaufanion.com\/index.php\/wp-json\/wp\/v2\/comments?post=456"}],"wp:featuredmedia":[{"embeddable":true,"href":"https:\/\/aubeaufanion.com\/index.php\/wp-json\/wp\/v2\/media\/457"}],"wp:attachment":[{"href":"https:\/\/aubeaufanion.com\/index.php\/wp-json\/wp\/v2\/media?parent=456"}],"wp:term":[{"taxonomy":"product_brand","embeddable":true,"href":"https:\/\/aubeaufanion.com\/index.php\/wp-json\/wp\/v2\/product_brand?post=456"},{"taxonomy":"product_cat","embeddable":true,"href":"https:\/\/aubeaufanion.com\/index.php\/wp-json\/wp\/v2\/product_cat?post=456"},{"taxonomy":"product_tag","embeddable":true,"href":"https:\/\/aubeaufanion.com\/index.php\/wp-json\/wp\/v2\/product_tag?post=456"}],"curies":[{"name":"wp","href":"https:\/\/api.w.org\/{rel}","templated":true}]}}