{"id":33,"date":"2024-07-03T14:30:02","date_gmt":"2024-07-03T13:30:02","guid":{"rendered":"https:\/\/allabibcom.ma\/aubeaufanion\/index.php\/product\/gucci\/"},"modified":"2024-09-15T22:03:48","modified_gmt":"2024-09-15T21:03:48","slug":"m04-mat-cuivre-jaune","status":"publish","type":"product","link":"https:\/\/aubeaufanion.com\/index.php\/\/product\/m04-mat-cuivre-jaune\/","title":{"rendered":"R\u00e9f \/ M04 M\u00e2t en cuivre jaune martel\u00e9"},"content":{"rendered":"<p>M\u00e2t en cuivre jaune martel\u00e9<\/p>\n<p>\u2013 Hauteur 220 cm<\/p>\n<p>\u2013 \u00e9toile en cuivre<\/p>\n<p>&#8211; drapeau en velours doubl\u00e9<\/p>\n<p>\u2013 pompon double en soie naturelle<\/p>\n<p>&nbsp;<\/p>\n","protected":false},"excerpt":{"rendered":"<p>M\u00e2t en cuivre jaune martel\u00e9 \u2013 Hauteur 220 cm \u2013 \u00e9toile en cuivre &#8211; drapeau en velours doubl\u00e9 \u2013 pompon double en soie naturelle &nbsp;<\/p>\n","protected":false},"featured_media":229,"comment_status":"open","ping_status":"closed","template":"","meta":{"_regular_price":[],"currency_symbol":[]},"product_brand":[],"product_cat":[17],"product_tag":[29],"class_list":{"0":"post-33","1":"product","2":"type-product","3":"status-publish","4":"has-post-thumbnail","6":"product_cat-mats-de-bureau","7":"product_tag-bureau","9":"first","10":"instock","11":"shipping-taxable","12":"product-type-simple"},"post_slider_layout_featured_media_urls":{"thumbnail":["https:\/\/aubeaufanion.com\/wp-content\/uploads\/2024\/06\/Mat_cuivreM04-150x150.jpg",150,150,true],"post_slider_layout_landscape_large":["https:\/\/aubeaufanion.com\/wp-content\/uploads\/2024\/06\/Mat_cuivreM04.jpg",300,300,false],"post_slider_layout_portrait_large":["https:\/\/aubeaufanion.com\/wp-content\/uploads\/2024\/06\/Mat_cuivreM04.jpg",300,300,false],"post_slider_layout_square_large":["https:\/\/aubeaufanion.com\/wp-content\/uploads\/2024\/06\/Mat_cuivreM04.jpg",300,300,false],"post_slider_layout_landscape":["https:\/\/aubeaufanion.com\/wp-content\/uploads\/2024\/06\/Mat_cuivreM04.jpg",300,300,false],"post_slider_layout_portrait":["https:\/\/aubeaufanion.com\/wp-content\/uploads\/2024\/06\/Mat_cuivreM04.jpg",300,300,false],"post_slider_layout_square":["https:\/\/aubeaufanion.com\/wp-content\/uploads\/2024\/06\/Mat_cuivreM04.jpg",300,300,false],"full":["https:\/\/aubeaufanion.com\/wp-content\/uploads\/2024\/06\/Mat_cuivreM04.jpg",300,300,false]},"_links":{"self":[{"href":"https:\/\/aubeaufanion.com\/index.php\/wp-json\/wp\/v2\/product\/33","targetHints":{"allow":["GET"]}}],"collection":[{"href":"https:\/\/aubeaufanion.com\/index.php\/wp-json\/wp\/v2\/product"}],"about":[{"href":"https:\/\/aubeaufanion.com\/index.php\/wp-json\/wp\/v2\/types\/product"}],"replies":[{"embeddable":true,"href":"https:\/\/aubeaufanion.com\/index.php\/wp-json\/wp\/v2\/comments?post=33"}],"wp:featuredmedia":[{"embeddable":true,"href":"https:\/\/aubeaufanion.com\/index.php\/wp-json\/wp\/v2\/media\/229"}],"wp:attachment":[{"href":"https:\/\/aubeaufanion.com\/index.php\/wp-json\/wp\/v2\/media?parent=33"}],"wp:term":[{"taxonomy":"product_brand","embeddable":true,"href":"https:\/\/aubeaufanion.com\/index.php\/wp-json\/wp\/v2\/product_brand?post=33"},{"taxonomy":"product_cat","embeddable":true,"href":"https:\/\/aubeaufanion.com\/index.php\/wp-json\/wp\/v2\/product_cat?post=33"},{"taxonomy":"product_tag","embeddable":true,"href":"https:\/\/aubeaufanion.com\/index.php\/wp-json\/wp\/v2\/product_tag?post=33"}],"curies":[{"name":"wp","href":"https:\/\/api.w.org\/{rel}","templated":true}]}}