{"id":154,"date":"2024-06-09T19:58:26","date_gmt":"2024-06-09T19:58:26","guid":{"rendered":"https:\/\/allabibcom.ma\/aubeaufanion\/?page_id=154"},"modified":"2024-06-09T19:58:26","modified_gmt":"2024-06-09T19:58:26","slug":"nos-valeurs","status":"publish","type":"page","link":"https:\/\/aubeaufanion.com\/index.php\/nos-valeurs\/","title":{"rendered":"Nos valeurs"},"content":{"rendered":"<ul>\n<li>La confiance<\/li>\n<li>L&rsquo;\u00e9coute<\/li>\n<li>La qualit\u00e9<\/li>\n<li>La ponctualit\u00e9<\/li>\n<li>La proximit\u00e9<\/li>\n<\/ul>\n\n\n<figure class=\"wp-block-image size-large\"><img loading=\"lazy\" decoding=\"async\" width=\"1024\" height=\"125\" src=\"https:\/\/allabibcom.ma\/aubeaufanion\/wp-content\/uploads\/2024\/06\/banner1170x143-1024x125.jpg\" alt=\"\" class=\"wp-image-137\" srcset=\"https:\/\/aubeaufanion.com\/wp-content\/uploads\/2024\/06\/banner1170x143-1024x125.jpg 1024w, https:\/\/aubeaufanion.com\/wp-content\/uploads\/2024\/06\/banner1170x143-300x37.jpg 300w, https:\/\/aubeaufanion.com\/wp-content\/uploads\/2024\/06\/banner1170x143-768x94.jpg 768w, https:\/\/aubeaufanion.com\/wp-content\/uploads\/2024\/06\/banner1170x143-600x73.jpg 600w, https:\/\/aubeaufanion.com\/wp-content\/uploads\/2024\/06\/banner1170x143.jpg 1170w\" sizes=\"auto, (max-width: 1024px) 100vw, 1024px\" \/><\/figure>\n\n\n<p><strong>AU BEAU FANION<\/strong> a pour devise : Faire \u2013 Plaire \u2013 Satisfaire<br \/><strong>AU BEAU FANION<\/strong> a pour engagement : Le client est Roi, son d\u00e9sir est Loi, sa satisfaction est Foi.<\/p>","protected":false},"excerpt":{"rendered":"<p>La confiance L&rsquo;\u00e9coute La qualit\u00e9 La ponctualit\u00e9 La proximit\u00e9 AU BEAU FANION a pour devise : Faire \u2013 Plaire \u2013 SatisfaireAU BEAU FANION a pour engagement : Le client est Roi, son d\u00e9sir est Loi, sa satisfaction est Foi.<\/p>\n","protected":false},"author":1,"featured_media":0,"parent":0,"menu_order":0,"comment_status":"closed","ping_status":"closed","template":"","meta":{"_regular_price":[],"currency_symbol":[],"footnotes":""},"class_list":["post-154","page","type-page","status-publish","hentry"],"post_slider_layout_featured_media_urls":{"thumbnail":"","post_slider_layout_landscape_large":"","post_slider_layout_portrait_large":"","post_slider_layout_square_large":"","post_slider_layout_landscape":"","post_slider_layout_portrait":"","post_slider_layout_square":"","full":""},"_links":{"self":[{"href":"https:\/\/aubeaufanion.com\/index.php\/wp-json\/wp\/v2\/pages\/154","targetHints":{"allow":["GET"]}}],"collection":[{"href":"https:\/\/aubeaufanion.com\/index.php\/wp-json\/wp\/v2\/pages"}],"about":[{"href":"https:\/\/aubeaufanion.com\/index.php\/wp-json\/wp\/v2\/types\/page"}],"author":[{"embeddable":true,"href":"https:\/\/aubeaufanion.com\/index.php\/wp-json\/wp\/v2\/users\/1"}],"replies":[{"embeddable":true,"href":"https:\/\/aubeaufanion.com\/index.php\/wp-json\/wp\/v2\/comments?post=154"}],"version-history":[{"count":1,"href":"https:\/\/aubeaufanion.com\/index.php\/wp-json\/wp\/v2\/pages\/154\/revisions"}],"predecessor-version":[{"id":155,"href":"https:\/\/aubeaufanion.com\/index.php\/wp-json\/wp\/v2\/pages\/154\/revisions\/155"}],"wp:attachment":[{"href":"https:\/\/aubeaufanion.com\/index.php\/wp-json\/wp\/v2\/media?parent=154"}],"curies":[{"name":"wp","href":"https:\/\/api.w.org\/{rel}","templated":true}]}}