{"id":95,"date":"2024-06-28T14:15:03","date_gmt":"2024-06-28T13:15:03","guid":{"rendered":"https:\/\/allabibcom.ma\/aubeaufanion\/index.php\/product\/brown-leather\/"},"modified":"2024-09-15T22:11:29","modified_gmt":"2024-09-15T21:11:29","slug":"oriflamme-couronne-etoiles-c08","status":"publish","type":"product","link":"https:\/\/aubeaufanion.com\/index.php\/\/product\/oriflamme-couronne-etoiles-c08\/","title":{"rendered":"R\u00e9f \/ C08 Oriflamme Tiss\u00e9-Mains Portant Couronne Et \u00c9toiles"},"content":{"rendered":"<p>Oriflamme Tiss\u00e9-Mains Portant Couronne Et \u00c9toiles<br \/>\n\u2013 Longueur 2.00 M<\/p>\n","protected":false},"excerpt":{"rendered":"<p>Oriflamme Tiss\u00e9-Mains Portant Couronne Et \u00c9toiles \u2013 Longueur 2.00 M<\/p>\n","protected":false},"featured_media":325,"comment_status":"open","ping_status":"closed","template":"","meta":{"_regular_price":[],"currency_symbol":[]},"product_brand":[],"product_cat":[22],"product_tag":[34,33],"class_list":{"0":"post-95","1":"product","2":"type-product","3":"status-publish","4":"has-post-thumbnail","6":"product_cat-banderoles","7":"product_tag-bandrole","8":"product_tag-oriflamme","10":"first","11":"instock","12":"shipping-taxable","13":"product-type-simple"},"post_slider_layout_featured_media_urls":{"thumbnail":["https:\/\/aubeaufanion.com\/wp-content\/uploads\/2024\/06\/oriflamme_coronne_etoiles-150x150.jpg",150,150,true],"post_slider_layout_landscape_large":["https:\/\/aubeaufanion.com\/wp-content\/uploads\/2024\/06\/oriflamme_coronne_etoiles.jpg",643,721,false],"post_slider_layout_portrait_large":["https:\/\/aubeaufanion.com\/wp-content\/uploads\/2024\/06\/oriflamme_coronne_etoiles.jpg",643,721,false],"post_slider_layout_square_large":["https:\/\/aubeaufanion.com\/wp-content\/uploads\/2024\/06\/oriflamme_coronne_etoiles.jpg",643,721,false],"post_slider_layout_landscape":["https:\/\/aubeaufanion.com\/wp-content\/uploads\/2024\/06\/oriflamme_coronne_etoiles-600x400.jpg",600,400,true],"post_slider_layout_portrait":["https:\/\/aubeaufanion.com\/wp-content\/uploads\/2024\/06\/oriflamme_coronne_etoiles-600x721.jpg",600,721,true],"post_slider_layout_square":["https:\/\/aubeaufanion.com\/wp-content\/uploads\/2024\/06\/oriflamme_coronne_etoiles-600x600.jpg",600,600,true],"full":["https:\/\/aubeaufanion.com\/wp-content\/uploads\/2024\/06\/oriflamme_coronne_etoiles.jpg",643,721,false]},"_links":{"self":[{"href":"https:\/\/aubeaufanion.com\/index.php\/wp-json\/wp\/v2\/product\/95","targetHints":{"allow":["GET"]}}],"collection":[{"href":"https:\/\/aubeaufanion.com\/index.php\/wp-json\/wp\/v2\/product"}],"about":[{"href":"https:\/\/aubeaufanion.com\/index.php\/wp-json\/wp\/v2\/types\/product"}],"replies":[{"embeddable":true,"href":"https:\/\/aubeaufanion.com\/index.php\/wp-json\/wp\/v2\/comments?post=95"}],"wp:featuredmedia":[{"embeddable":true,"href":"https:\/\/aubeaufanion.com\/index.php\/wp-json\/wp\/v2\/media\/325"}],"wp:attachment":[{"href":"https:\/\/aubeaufanion.com\/index.php\/wp-json\/wp\/v2\/media?parent=95"}],"wp:term":[{"taxonomy":"product_brand","embeddable":true,"href":"https:\/\/aubeaufanion.com\/index.php\/wp-json\/wp\/v2\/product_brand?post=95"},{"taxonomy":"product_cat","embeddable":true,"href":"https:\/\/aubeaufanion.com\/index.php\/wp-json\/wp\/v2\/product_cat?post=95"},{"taxonomy":"product_tag","embeddable":true,"href":"https:\/\/aubeaufanion.com\/index.php\/wp-json\/wp\/v2\/product_tag?post=95"}],"curies":[{"name":"wp","href":"https:\/\/api.w.org\/{rel}","templated":true}]}}