{"id":93,"date":"2024-06-28T13:54:03","date_gmt":"2024-06-28T12:54:03","guid":{"rendered":"https:\/\/allabibcom.ma\/aubeaufanion\/index.php\/product\/black-leather-b\/"},"modified":"2024-08-04T00:09:18","modified_gmt":"2024-08-03T23:09:18","slug":"oriflamme-velours-armoiries","status":"publish","type":"product","link":"https:\/\/aubeaufanion.com\/index.php\/\/product\/oriflamme-velours-armoiries\/","title":{"rendered":"Oriflamme en velours avec armoiries du Royaume"},"content":{"rendered":"<p>Oriflamme en velours lisse \u00e9carlate avec armoiries du Royaume brod\u00e9es de fils dor\u00e9s<br \/>\n&#8211; 1.00m X 0.70m<br \/>\n&#8211; Excellente finition<\/p>\n","protected":false},"excerpt":{"rendered":"<p>&#8211; Velours lisse \u00e9carlate<br \/>\n&#8211; avec Armoiries du Royaume brod\u00e9es de fils dor\u00e9s<br \/>\n&#8211; 1.00m X 0.70m<br \/>\n&#8211; Excellente finition<\/p>\n","protected":false},"featured_media":323,"comment_status":"open","ping_status":"closed","template":"","meta":{"_regular_price":[],"currency_symbol":[]},"product_brand":[],"product_cat":[22],"product_tag":[34,33],"class_list":{"0":"post-93","1":"product","2":"type-product","3":"status-publish","4":"has-post-thumbnail","6":"product_cat-banderoles","7":"product_tag-bandrole","8":"product_tag-oriflamme","10":"first","11":"instock","12":"shipping-taxable","13":"product-type-simple"},"post_slider_layout_featured_media_urls":{"thumbnail":["https:\/\/aubeaufanion.com\/wp-content\/uploads\/2024\/06\/banderole3-150x150.jpg",150,150,true],"post_slider_layout_landscape_large":["https:\/\/aubeaufanion.com\/wp-content\/uploads\/2024\/06\/banderole3-1200x800.jpg",1200,800,true],"post_slider_layout_portrait_large":["https:\/\/aubeaufanion.com\/wp-content\/uploads\/2024\/06\/banderole3-1200x1800.jpg",1200,1800,true],"post_slider_layout_square_large":["https:\/\/aubeaufanion.com\/wp-content\/uploads\/2024\/06\/banderole3-1200x1200.jpg",1200,1200,true],"post_slider_layout_landscape":["https:\/\/aubeaufanion.com\/wp-content\/uploads\/2024\/06\/banderole3-600x400.jpg",600,400,true],"post_slider_layout_portrait":["https:\/\/aubeaufanion.com\/wp-content\/uploads\/2024\/06\/banderole3-600x900.jpg",600,900,true],"post_slider_layout_square":["https:\/\/aubeaufanion.com\/wp-content\/uploads\/2024\/06\/banderole3-600x600.jpg",600,600,true],"full":["https:\/\/aubeaufanion.com\/wp-content\/uploads\/2024\/06\/banderole3.jpg",1775,2048,false]},"_links":{"self":[{"href":"https:\/\/aubeaufanion.com\/index.php\/wp-json\/wp\/v2\/product\/93","targetHints":{"allow":["GET"]}}],"collection":[{"href":"https:\/\/aubeaufanion.com\/index.php\/wp-json\/wp\/v2\/product"}],"about":[{"href":"https:\/\/aubeaufanion.com\/index.php\/wp-json\/wp\/v2\/types\/product"}],"replies":[{"embeddable":true,"href":"https:\/\/aubeaufanion.com\/index.php\/wp-json\/wp\/v2\/comments?post=93"}],"wp:featuredmedia":[{"embeddable":true,"href":"https:\/\/aubeaufanion.com\/index.php\/wp-json\/wp\/v2\/media\/323"}],"wp:attachment":[{"href":"https:\/\/aubeaufanion.com\/index.php\/wp-json\/wp\/v2\/media?parent=93"}],"wp:term":[{"taxonomy":"product_brand","embeddable":true,"href":"https:\/\/aubeaufanion.com\/index.php\/wp-json\/wp\/v2\/product_brand?post=93"},{"taxonomy":"product_cat","embeddable":true,"href":"https:\/\/aubeaufanion.com\/index.php\/wp-json\/wp\/v2\/product_cat?post=93"},{"taxonomy":"product_tag","embeddable":true,"href":"https:\/\/aubeaufanion.com\/index.php\/wp-json\/wp\/v2\/product_tag?post=93"}],"curies":[{"name":"wp","href":"https:\/\/api.w.org\/{rel}","templated":true}]}}