{"id":75,"date":"2024-06-26T21:45:03","date_gmt":"2024-06-26T20:45:03","guid":{"rendered":"https:\/\/allabibcom.ma\/aubeaufanion\/index.php\/product\/lacoste-yellow-2\/"},"modified":"2024-09-15T23:05:27","modified_gmt":"2024-09-15T22:05:27","slug":"trophee-armoiries-tr01","status":"publish","type":"product","link":"https:\/\/aubeaufanion.com\/index.php\/\/product\/trophee-armoiries-tr01\/","title":{"rendered":"R\u00e9f \/ TR01 Troph\u00e9e portant armoiries du Royaume en cuivre"},"content":{"rendered":"<p>Troph\u00e9e pour bureau portant Armoiries du Royaume en cuivre cisel\u00e9 sous pr\u00e9sentoir en plexiglas<br \/>\nREF\/TR01<br \/>\nDimensions 29 x 24 x 16<\/p>\n","protected":false},"excerpt":{"rendered":"<p>&#8211; En cuivre cisel\u00e9<br \/>\n&#8211; sous pr\u00e9sentoir en plexiglas<br \/>\n&#8211; Dimensions 29 x 24 x 16<\/p>\n","protected":false},"featured_media":434,"comment_status":"open","ping_status":"closed","template":"","meta":{"_regular_price":[],"currency_symbol":[]},"product_brand":[],"product_cat":[20],"product_tag":[],"class_list":{"0":"post-75","1":"product","2":"type-product","3":"status-publish","4":"has-post-thumbnail","6":"product_cat-trophees","8":"first","9":"instock","10":"shipping-taxable","11":"product-type-simple"},"post_slider_layout_featured_media_urls":{"thumbnail":["https:\/\/aubeaufanion.com\/wp-content\/uploads\/2024\/06\/tropheeTR01-150x150.jpg",150,150,true],"post_slider_layout_landscape_large":["https:\/\/aubeaufanion.com\/wp-content\/uploads\/2024\/06\/tropheeTR01.jpg",581,721,false],"post_slider_layout_portrait_large":["https:\/\/aubeaufanion.com\/wp-content\/uploads\/2024\/06\/tropheeTR01.jpg",581,721,false],"post_slider_layout_square_large":["https:\/\/aubeaufanion.com\/wp-content\/uploads\/2024\/06\/tropheeTR01.jpg",581,721,false],"post_slider_layout_landscape":["https:\/\/aubeaufanion.com\/wp-content\/uploads\/2024\/06\/tropheeTR01-581x400.jpg",581,400,true],"post_slider_layout_portrait":["https:\/\/aubeaufanion.com\/wp-content\/uploads\/2024\/06\/tropheeTR01.jpg",581,721,false],"post_slider_layout_square":["https:\/\/aubeaufanion.com\/wp-content\/uploads\/2024\/06\/tropheeTR01-581x600.jpg",581,600,true],"full":["https:\/\/aubeaufanion.com\/wp-content\/uploads\/2024\/06\/tropheeTR01.jpg",581,721,false]},"_links":{"self":[{"href":"https:\/\/aubeaufanion.com\/index.php\/wp-json\/wp\/v2\/product\/75","targetHints":{"allow":["GET"]}}],"collection":[{"href":"https:\/\/aubeaufanion.com\/index.php\/wp-json\/wp\/v2\/product"}],"about":[{"href":"https:\/\/aubeaufanion.com\/index.php\/wp-json\/wp\/v2\/types\/product"}],"replies":[{"embeddable":true,"href":"https:\/\/aubeaufanion.com\/index.php\/wp-json\/wp\/v2\/comments?post=75"}],"wp:featuredmedia":[{"embeddable":true,"href":"https:\/\/aubeaufanion.com\/index.php\/wp-json\/wp\/v2\/media\/434"}],"wp:attachment":[{"href":"https:\/\/aubeaufanion.com\/index.php\/wp-json\/wp\/v2\/media?parent=75"}],"wp:term":[{"taxonomy":"product_brand","embeddable":true,"href":"https:\/\/aubeaufanion.com\/index.php\/wp-json\/wp\/v2\/product_brand?post=75"},{"taxonomy":"product_cat","embeddable":true,"href":"https:\/\/aubeaufanion.com\/index.php\/wp-json\/wp\/v2\/product_cat?post=75"},{"taxonomy":"product_tag","embeddable":true,"href":"https:\/\/aubeaufanion.com\/index.php\/wp-json\/wp\/v2\/product_tag?post=75"}],"curies":[{"name":"wp","href":"https:\/\/api.w.org\/{rel}","templated":true}]}}