{"id":566,"date":"2024-06-24T17:30:07","date_gmt":"2024-06-24T16:30:07","guid":{"rendered":"https:\/\/allabibcom.ma\/aubeaufanion\/?post_type=product&#038;p=566"},"modified":"2024-09-15T23:25:49","modified_gmt":"2024-09-15T22:25:49","slug":"armoiries-officielles-du-maroc","status":"publish","type":"product","link":"https:\/\/aubeaufanion.com\/index.php\/\/product\/armoiries-officielles-du-maroc\/","title":{"rendered":"R\u00e9f \/ ARM01 Armoiries officielles du Maroc r\u00e9alis\u00e9es en cuivre ajour\u00e9 et massif pellicul\u00e9e or"},"content":{"rendered":"<p>Armoiries officielles du Maroc r\u00e9alis\u00e9es en cuivre ajour\u00e9 et massif pellicul\u00e9e or<\/p>\n<p>&#8211; Longueur 1.60 m x 0.70 m<\/p>\n<p>&#8211; Existe en diff\u00e9rentes dimensions au choix<\/p>\n","protected":false},"excerpt":{"rendered":"<p>&#8211; Longueur 1.60 m x 0.70 m<\/p>\n<p>&#8211; Existe en diff\u00e9rentes dimensions au choix<\/p>\n","protected":false},"featured_media":567,"comment_status":"open","ping_status":"closed","template":"","meta":{"_regular_price":[],"currency_symbol":[]},"product_brand":[],"product_cat":[15],"product_tag":[],"class_list":{"0":"post-566","1":"product","2":"type-product","3":"status-publish","4":"has-post-thumbnail","6":"product_cat-produits-divers","8":"first","9":"instock","10":"shipping-taxable","11":"product-type-simple"},"post_slider_layout_featured_media_urls":{"thumbnail":["https:\/\/aubeaufanion.com\/wp-content\/uploads\/2024\/08\/Armoiries_officiellesARM01-150x150.jpg",150,150,true],"post_slider_layout_landscape_large":["https:\/\/aubeaufanion.com\/wp-content\/uploads\/2024\/08\/Armoiries_officiellesARM01.jpg",300,300,false],"post_slider_layout_portrait_large":["https:\/\/aubeaufanion.com\/wp-content\/uploads\/2024\/08\/Armoiries_officiellesARM01.jpg",300,300,false],"post_slider_layout_square_large":["https:\/\/aubeaufanion.com\/wp-content\/uploads\/2024\/08\/Armoiries_officiellesARM01.jpg",300,300,false],"post_slider_layout_landscape":["https:\/\/aubeaufanion.com\/wp-content\/uploads\/2024\/08\/Armoiries_officiellesARM01.jpg",300,300,false],"post_slider_layout_portrait":["https:\/\/aubeaufanion.com\/wp-content\/uploads\/2024\/08\/Armoiries_officiellesARM01.jpg",300,300,false],"post_slider_layout_square":["https:\/\/aubeaufanion.com\/wp-content\/uploads\/2024\/08\/Armoiries_officiellesARM01.jpg",300,300,false],"full":["https:\/\/aubeaufanion.com\/wp-content\/uploads\/2024\/08\/Armoiries_officiellesARM01.jpg",300,300,false]},"_links":{"self":[{"href":"https:\/\/aubeaufanion.com\/index.php\/wp-json\/wp\/v2\/product\/566","targetHints":{"allow":["GET"]}}],"collection":[{"href":"https:\/\/aubeaufanion.com\/index.php\/wp-json\/wp\/v2\/product"}],"about":[{"href":"https:\/\/aubeaufanion.com\/index.php\/wp-json\/wp\/v2\/types\/product"}],"replies":[{"embeddable":true,"href":"https:\/\/aubeaufanion.com\/index.php\/wp-json\/wp\/v2\/comments?post=566"}],"wp:featuredmedia":[{"embeddable":true,"href":"https:\/\/aubeaufanion.com\/index.php\/wp-json\/wp\/v2\/media\/567"}],"wp:attachment":[{"href":"https:\/\/aubeaufanion.com\/index.php\/wp-json\/wp\/v2\/media?parent=566"}],"wp:term":[{"taxonomy":"product_brand","embeddable":true,"href":"https:\/\/aubeaufanion.com\/index.php\/wp-json\/wp\/v2\/product_brand?post=566"},{"taxonomy":"product_cat","embeddable":true,"href":"https:\/\/aubeaufanion.com\/index.php\/wp-json\/wp\/v2\/product_cat?post=566"},{"taxonomy":"product_tag","embeddable":true,"href":"https:\/\/aubeaufanion.com\/index.php\/wp-json\/wp\/v2\/product_tag?post=566"}],"curies":[{"name":"wp","href":"https:\/\/api.w.org\/{rel}","templated":true}]}}