{"id":485,"date":"2024-07-01T21:53:39","date_gmt":"2024-07-01T20:53:39","guid":{"rendered":"https:\/\/allabibcom.ma\/aubeaufanion\/?post_type=product&#038;p=485"},"modified":"2024-08-23T21:58:48","modified_gmt":"2024-08-23T20:58:48","slug":"ref-a03-1-porte-fanion","status":"publish","type":"product","link":"https:\/\/aubeaufanion.com\/index.php\/\/product\/ref-a03-1-porte-fanion\/","title":{"rendered":"R\u00e9f A03\/1 Porte\u2013fanion simple en m\u00e9tal chrom\u00e9"},"content":{"rendered":"<p><strong>R\u00e9f A03\/1<\/strong> Porte\u2013fanion simple en m\u00e9tal chrom\u00e9<\/p>\n<p>\u2013 Hauteur 33 cm<\/p>\n<p>\u2013 Fanion imprim\u00e9 par sublimation<\/p>\n","protected":false},"excerpt":{"rendered":"<p>\u2013 Hauteur 33 cm<\/p>\n<p>\u2013 Fanion imprim\u00e9 par sublimation<\/p>\n","protected":false},"featured_media":486,"comment_status":"open","ping_status":"closed","template":"","meta":{"_regular_price":[],"currency_symbol":[]},"product_brand":[],"product_cat":[16],"product_tag":[29,28],"class_list":{"0":"post-485","1":"product","2":"type-product","3":"status-publish","4":"has-post-thumbnail","6":"product_cat-porte-fanions-pour-bureau","7":"product_tag-bureau","8":"product_tag-fanion","10":"first","11":"instock","12":"shipping-taxable","13":"product-type-simple"},"post_slider_layout_featured_media_urls":{"thumbnail":["https:\/\/aubeaufanion.com\/wp-content\/uploads\/2024\/08\/A03_1_Porte_fanion-150x150.jpg",150,150,true],"post_slider_layout_landscape_large":["https:\/\/aubeaufanion.com\/wp-content\/uploads\/2024\/08\/A03_1_Porte_fanion.jpg",300,300,false],"post_slider_layout_portrait_large":["https:\/\/aubeaufanion.com\/wp-content\/uploads\/2024\/08\/A03_1_Porte_fanion.jpg",300,300,false],"post_slider_layout_square_large":["https:\/\/aubeaufanion.com\/wp-content\/uploads\/2024\/08\/A03_1_Porte_fanion.jpg",300,300,false],"post_slider_layout_landscape":["https:\/\/aubeaufanion.com\/wp-content\/uploads\/2024\/08\/A03_1_Porte_fanion.jpg",300,300,false],"post_slider_layout_portrait":["https:\/\/aubeaufanion.com\/wp-content\/uploads\/2024\/08\/A03_1_Porte_fanion.jpg",300,300,false],"post_slider_layout_square":["https:\/\/aubeaufanion.com\/wp-content\/uploads\/2024\/08\/A03_1_Porte_fanion.jpg",300,300,false],"full":["https:\/\/aubeaufanion.com\/wp-content\/uploads\/2024\/08\/A03_1_Porte_fanion.jpg",300,300,false]},"_links":{"self":[{"href":"https:\/\/aubeaufanion.com\/index.php\/wp-json\/wp\/v2\/product\/485","targetHints":{"allow":["GET"]}}],"collection":[{"href":"https:\/\/aubeaufanion.com\/index.php\/wp-json\/wp\/v2\/product"}],"about":[{"href":"https:\/\/aubeaufanion.com\/index.php\/wp-json\/wp\/v2\/types\/product"}],"replies":[{"embeddable":true,"href":"https:\/\/aubeaufanion.com\/index.php\/wp-json\/wp\/v2\/comments?post=485"}],"wp:featuredmedia":[{"embeddable":true,"href":"https:\/\/aubeaufanion.com\/index.php\/wp-json\/wp\/v2\/media\/486"}],"wp:attachment":[{"href":"https:\/\/aubeaufanion.com\/index.php\/wp-json\/wp\/v2\/media?parent=485"}],"wp:term":[{"taxonomy":"product_brand","embeddable":true,"href":"https:\/\/aubeaufanion.com\/index.php\/wp-json\/wp\/v2\/product_brand?post=485"},{"taxonomy":"product_cat","embeddable":true,"href":"https:\/\/aubeaufanion.com\/index.php\/wp-json\/wp\/v2\/product_cat?post=485"},{"taxonomy":"product_tag","embeddable":true,"href":"https:\/\/aubeaufanion.com\/index.php\/wp-json\/wp\/v2\/product_tag?post=485"}],"curies":[{"name":"wp","href":"https:\/\/api.w.org\/{rel}","templated":true}]}}