{"id":435,"date":"2024-06-26T20:06:59","date_gmt":"2024-06-26T19:06:59","guid":{"rendered":"https:\/\/allabibcom.ma\/aubeaufanion\/?post_type=product&#038;p=435"},"modified":"2024-09-15T23:08:56","modified_gmt":"2024-09-15T22:08:56","slug":"trophee-monte-sur-socle","status":"publish","type":"product","link":"https:\/\/aubeaufanion.com\/index.php\/\/product\/trophee-monte-sur-socle\/","title":{"rendered":"R\u00e9f \/ TR02 Troph\u00e9e mont\u00e9 sur socle en cuivre cisel\u00e9"},"content":{"rendered":"<p>Troph\u00e9e mont\u00e9 sur socle en cuivre cisel\u00e9 pour bureau<\/p>\n<p>REF\/TR02<\/p>\n<p>&#8211; portant Armoiries du Royaume<\/p>\n<p>&#8211; Hauteur 32 cm<\/p>\n","protected":false},"excerpt":{"rendered":"<p>&#8211; portant Armoiries du Royaume<\/p>\n<p>&#8211; Hauteur 32 cm<\/p>\n","protected":false},"featured_media":436,"comment_status":"open","ping_status":"closed","template":"","meta":{"_regular_price":[],"currency_symbol":[]},"product_brand":[],"product_cat":[20],"product_tag":[],"class_list":{"0":"post-435","1":"product","2":"type-product","3":"status-publish","4":"has-post-thumbnail","6":"product_cat-trophees","8":"first","9":"instock","10":"shipping-taxable","11":"product-type-simple"},"post_slider_layout_featured_media_urls":{"thumbnail":["https:\/\/aubeaufanion.com\/wp-content\/uploads\/2024\/08\/tropheeTR02-150x150.jpg",150,150,true],"post_slider_layout_landscape_large":["https:\/\/aubeaufanion.com\/wp-content\/uploads\/2024\/08\/tropheeTR02.jpg",580,720,false],"post_slider_layout_portrait_large":["https:\/\/aubeaufanion.com\/wp-content\/uploads\/2024\/08\/tropheeTR02.jpg",580,720,false],"post_slider_layout_square_large":["https:\/\/aubeaufanion.com\/wp-content\/uploads\/2024\/08\/tropheeTR02.jpg",580,720,false],"post_slider_layout_landscape":["https:\/\/aubeaufanion.com\/wp-content\/uploads\/2024\/08\/tropheeTR02-580x400.jpg",580,400,true],"post_slider_layout_portrait":["https:\/\/aubeaufanion.com\/wp-content\/uploads\/2024\/08\/tropheeTR02.jpg",580,720,false],"post_slider_layout_square":["https:\/\/aubeaufanion.com\/wp-content\/uploads\/2024\/08\/tropheeTR02-580x600.jpg",580,600,true],"full":["https:\/\/aubeaufanion.com\/wp-content\/uploads\/2024\/08\/tropheeTR02.jpg",580,720,false]},"_links":{"self":[{"href":"https:\/\/aubeaufanion.com\/index.php\/wp-json\/wp\/v2\/product\/435","targetHints":{"allow":["GET"]}}],"collection":[{"href":"https:\/\/aubeaufanion.com\/index.php\/wp-json\/wp\/v2\/product"}],"about":[{"href":"https:\/\/aubeaufanion.com\/index.php\/wp-json\/wp\/v2\/types\/product"}],"replies":[{"embeddable":true,"href":"https:\/\/aubeaufanion.com\/index.php\/wp-json\/wp\/v2\/comments?post=435"}],"wp:featuredmedia":[{"embeddable":true,"href":"https:\/\/aubeaufanion.com\/index.php\/wp-json\/wp\/v2\/media\/436"}],"wp:attachment":[{"href":"https:\/\/aubeaufanion.com\/index.php\/wp-json\/wp\/v2\/media?parent=435"}],"wp:term":[{"taxonomy":"product_brand","embeddable":true,"href":"https:\/\/aubeaufanion.com\/index.php\/wp-json\/wp\/v2\/product_brand?post=435"},{"taxonomy":"product_cat","embeddable":true,"href":"https:\/\/aubeaufanion.com\/index.php\/wp-json\/wp\/v2\/product_cat?post=435"},{"taxonomy":"product_tag","embeddable":true,"href":"https:\/\/aubeaufanion.com\/index.php\/wp-json\/wp\/v2\/product_tag?post=435"}],"curies":[{"name":"wp","href":"https:\/\/api.w.org\/{rel}","templated":true}]}}