{"id":37,"date":"2024-07-03T15:00:02","date_gmt":"2024-07-03T14:00:02","guid":{"rendered":"https:\/\/allabibcom.ma\/aubeaufanion\/index.php\/product\/tommy-hilfiger\/"},"modified":"2024-09-15T22:02:01","modified_gmt":"2024-09-15T21:02:01","slug":"mat-inox-double-cintre-m13","status":"publish","type":"product","link":"https:\/\/aubeaufanion.com\/index.php\/\/product\/mat-inox-double-cintre-m13\/","title":{"rendered":"R\u00e9f \/ M13 M\u00e2t en inox double cintre"},"content":{"rendered":"<p>M\u00e2t en inox double cintre<\/p>\n<p>&#8211; Hauteur 210 cm<\/p>\n<p>&#8211; Drapeau imprim\u00e9 par sublimation sur tissu satin\u00e9<\/p>\n","protected":false},"excerpt":{"rendered":"<p>M\u00e2t en inox double cintre &#8211; Hauteur 210 cm &#8211; Drapeau imprim\u00e9 par sublimation sur tissu satin\u00e9<\/p>\n","protected":false},"featured_media":235,"comment_status":"open","ping_status":"closed","template":"","meta":{"_regular_price":[],"currency_symbol":[]},"product_brand":[],"product_cat":[17],"product_tag":[],"class_list":{"0":"post-37","1":"product","2":"type-product","3":"status-publish","4":"has-post-thumbnail","6":"product_cat-mats-de-bureau","8":"first","9":"instock","10":"shipping-taxable","11":"product-type-simple"},"post_slider_layout_featured_media_urls":{"thumbnail":["https:\/\/aubeaufanion.com\/wp-content\/uploads\/2024\/06\/Mat-inox-double-cintreM13-150x150.jpg",150,150,true],"post_slider_layout_landscape_large":["https:\/\/aubeaufanion.com\/wp-content\/uploads\/2024\/06\/Mat-inox-double-cintreM13.jpg",300,300,false],"post_slider_layout_portrait_large":["https:\/\/aubeaufanion.com\/wp-content\/uploads\/2024\/06\/Mat-inox-double-cintreM13.jpg",300,300,false],"post_slider_layout_square_large":["https:\/\/aubeaufanion.com\/wp-content\/uploads\/2024\/06\/Mat-inox-double-cintreM13.jpg",300,300,false],"post_slider_layout_landscape":["https:\/\/aubeaufanion.com\/wp-content\/uploads\/2024\/06\/Mat-inox-double-cintreM13.jpg",300,300,false],"post_slider_layout_portrait":["https:\/\/aubeaufanion.com\/wp-content\/uploads\/2024\/06\/Mat-inox-double-cintreM13.jpg",300,300,false],"post_slider_layout_square":["https:\/\/aubeaufanion.com\/wp-content\/uploads\/2024\/06\/Mat-inox-double-cintreM13.jpg",300,300,false],"full":["https:\/\/aubeaufanion.com\/wp-content\/uploads\/2024\/06\/Mat-inox-double-cintreM13.jpg",300,300,false]},"_links":{"self":[{"href":"https:\/\/aubeaufanion.com\/index.php\/wp-json\/wp\/v2\/product\/37","targetHints":{"allow":["GET"]}}],"collection":[{"href":"https:\/\/aubeaufanion.com\/index.php\/wp-json\/wp\/v2\/product"}],"about":[{"href":"https:\/\/aubeaufanion.com\/index.php\/wp-json\/wp\/v2\/types\/product"}],"replies":[{"embeddable":true,"href":"https:\/\/aubeaufanion.com\/index.php\/wp-json\/wp\/v2\/comments?post=37"}],"wp:featuredmedia":[{"embeddable":true,"href":"https:\/\/aubeaufanion.com\/index.php\/wp-json\/wp\/v2\/media\/235"}],"wp:attachment":[{"href":"https:\/\/aubeaufanion.com\/index.php\/wp-json\/wp\/v2\/media?parent=37"}],"wp:term":[{"taxonomy":"product_brand","embeddable":true,"href":"https:\/\/aubeaufanion.com\/index.php\/wp-json\/wp\/v2\/product_brand?post=37"},{"taxonomy":"product_cat","embeddable":true,"href":"https:\/\/aubeaufanion.com\/index.php\/wp-json\/wp\/v2\/product_cat?post=37"},{"taxonomy":"product_tag","embeddable":true,"href":"https:\/\/aubeaufanion.com\/index.php\/wp-json\/wp\/v2\/product_tag?post=37"}],"curies":[{"name":"wp","href":"https:\/\/api.w.org\/{rel}","templated":true}]}}