{"id":35,"date":"2024-07-03T14:45:02","date_gmt":"2024-07-03T13:45:02","guid":{"rendered":"https:\/\/allabibcom.ma\/aubeaufanion\/index.php\/product\/burberry\/"},"modified":"2024-09-15T22:02:57","modified_gmt":"2024-09-15T21:02:57","slug":"mat-bureau-cuivrem07","status":"publish","type":"product","link":"https:\/\/aubeaufanion.com\/index.php\/\/product\/mat-bureau-cuivrem07\/","title":{"rendered":"R\u00e9f \/ M07 M\u00e2t de bureau en cuivre portant les Armoiries du Royaume"},"content":{"rendered":"<p>M\u00e2t de bureau en cuivre portant les Armoiries du Royaume brod\u00e9es sur velours doubl\u00e9<\/p>\n<p>\u2013 Hauteur 150 cm<\/p>\n","protected":false},"excerpt":{"rendered":"<p>M\u00e2t de bureau en cuivre portant les Armoiries du Royaume brod\u00e9es sur velours doubl\u00e9 \u2013 Hauteur 150 cm<\/p>\n","protected":false},"featured_media":232,"comment_status":"open","ping_status":"closed","template":"","meta":{"_regular_price":[],"currency_symbol":[]},"product_brand":[],"product_cat":[17],"product_tag":[],"class_list":{"0":"post-35","1":"product","2":"type-product","3":"status-publish","4":"has-post-thumbnail","6":"product_cat-mats-de-bureau","8":"first","9":"instock","10":"shipping-taxable","11":"product-type-simple"},"post_slider_layout_featured_media_urls":{"thumbnail":["https:\/\/aubeaufanion.com\/wp-content\/uploads\/2024\/06\/Mat_cuivreM07-150x150.jpg",150,150,true],"post_slider_layout_landscape_large":["https:\/\/aubeaufanion.com\/wp-content\/uploads\/2024\/06\/Mat_cuivreM07.jpg",300,300,false],"post_slider_layout_portrait_large":["https:\/\/aubeaufanion.com\/wp-content\/uploads\/2024\/06\/Mat_cuivreM07.jpg",300,300,false],"post_slider_layout_square_large":["https:\/\/aubeaufanion.com\/wp-content\/uploads\/2024\/06\/Mat_cuivreM07.jpg",300,300,false],"post_slider_layout_landscape":["https:\/\/aubeaufanion.com\/wp-content\/uploads\/2024\/06\/Mat_cuivreM07.jpg",300,300,false],"post_slider_layout_portrait":["https:\/\/aubeaufanion.com\/wp-content\/uploads\/2024\/06\/Mat_cuivreM07.jpg",300,300,false],"post_slider_layout_square":["https:\/\/aubeaufanion.com\/wp-content\/uploads\/2024\/06\/Mat_cuivreM07.jpg",300,300,false],"full":["https:\/\/aubeaufanion.com\/wp-content\/uploads\/2024\/06\/Mat_cuivreM07.jpg",300,300,false]},"_links":{"self":[{"href":"https:\/\/aubeaufanion.com\/index.php\/wp-json\/wp\/v2\/product\/35","targetHints":{"allow":["GET"]}}],"collection":[{"href":"https:\/\/aubeaufanion.com\/index.php\/wp-json\/wp\/v2\/product"}],"about":[{"href":"https:\/\/aubeaufanion.com\/index.php\/wp-json\/wp\/v2\/types\/product"}],"replies":[{"embeddable":true,"href":"https:\/\/aubeaufanion.com\/index.php\/wp-json\/wp\/v2\/comments?post=35"}],"wp:featuredmedia":[{"embeddable":true,"href":"https:\/\/aubeaufanion.com\/index.php\/wp-json\/wp\/v2\/media\/232"}],"wp:attachment":[{"href":"https:\/\/aubeaufanion.com\/index.php\/wp-json\/wp\/v2\/media?parent=35"}],"wp:term":[{"taxonomy":"product_brand","embeddable":true,"href":"https:\/\/aubeaufanion.com\/index.php\/wp-json\/wp\/v2\/product_brand?post=35"},{"taxonomy":"product_cat","embeddable":true,"href":"https:\/\/aubeaufanion.com\/index.php\/wp-json\/wp\/v2\/product_cat?post=35"},{"taxonomy":"product_tag","embeddable":true,"href":"https:\/\/aubeaufanion.com\/index.php\/wp-json\/wp\/v2\/product_tag?post=35"}],"curies":[{"name":"wp","href":"https:\/\/api.w.org\/{rel}","templated":true}]}}