{"id":21,"date":"2024-06-07T19:30:01","date_gmt":"2024-06-07T19:30:01","guid":{"rendered":"https:\/\/allabibcom.ma\/aubeaufanion\/index.php\/page\/"},"modified":"2024-06-09T19:41:39","modified_gmt":"2024-06-09T19:41:39","slug":"page","status":"publish","type":"page","link":"https:\/\/aubeaufanion.com\/index.php\/page\/","title":{"rendered":"Mot du directeur"},"content":{"rendered":"\n<figure class=\"wp-block-image size-large is-resized\"><img loading=\"lazy\" decoding=\"async\" width=\"1024\" height=\"125\" src=\"https:\/\/allabibcom.ma\/aubeaufanion\/wp-content\/uploads\/2024\/06\/banner1170x143-1024x125.jpg\" alt=\"\" class=\"wp-image-137\" style=\"object-fit:cover;width:1140px;height:143px\" srcset=\"https:\/\/aubeaufanion.com\/wp-content\/uploads\/2024\/06\/banner1170x143-1024x125.jpg 1024w, https:\/\/aubeaufanion.com\/wp-content\/uploads\/2024\/06\/banner1170x143-300x37.jpg 300w, https:\/\/aubeaufanion.com\/wp-content\/uploads\/2024\/06\/banner1170x143-768x94.jpg 768w, https:\/\/aubeaufanion.com\/wp-content\/uploads\/2024\/06\/banner1170x143-600x73.jpg 600w, https:\/\/aubeaufanion.com\/wp-content\/uploads\/2024\/06\/banner1170x143.jpg 1170w\" sizes=\"auto, (max-width: 1024px) 100vw, 1024px\" \/><\/figure>\n\n\n<p><strong>AU BEAU FANION<\/strong> est une entreprise sp\u00e9cialis\u00e9e dans la vente des drapeaux du monde entier, des Organisations internationales et, de mani\u00e8re g\u00e9n\u00e9rale, d\u2019embl\u00e8mes ou de logos d\u2019entreprises imprim\u00e9s sur tissu.<\/p>\n<p><strong>AU BEAU FANION<\/strong> met \u00e9galement \u00e0 votre disposition tous les accessoires et \u00e9quipements n\u00e9cessaires au pavoisement (m\u00e2ts, porte-fanions, banderoles, porte-drapeaux\u2026).<\/p>\n<p><strong>AU BEAU FANION<\/strong> met un point d\u2019honneur \u00e0 ce que tous ses drapeaux soient confectionn\u00e9s dans des \u00e9toffes de tr\u00e8s bonne qualit\u00e9. Nos produits sont imprim\u00e9s par sublimation, ce qui leur conf\u00e8re un excellent rendu final.<\/p>\n<p><strong>AU BEAU FANION<\/strong> se place dans un rapport de proximit\u00e9 avec les entreprises priv\u00e9es et Institutions publiques dans le conseil et l\u2019accompagnement de celles-ci dans le pavoisement de leurs locaux.<\/p>","protected":false},"excerpt":{"rendered":"<p>AU BEAU FANION est une entreprise sp\u00e9cialis\u00e9e dans la vente des drapeaux du monde entier, des Organisations internationales et, de mani\u00e8re g\u00e9n\u00e9rale, d\u2019embl\u00e8mes ou de logos d\u2019entreprises imprim\u00e9s sur tissu. AU BEAU FANION met \u00e9galement \u00e0 votre disposition tous les accessoires et \u00e9quipements n\u00e9cessaires au pavoisement (m\u00e2ts, porte-fanions, banderoles, porte-drapeaux\u2026). AU BEAU FANION met un [&hellip;]<\/p>\n","protected":false},"author":1,"featured_media":0,"parent":0,"menu_order":0,"comment_status":"closed","ping_status":"closed","template":"","meta":{"_regular_price":[],"currency_symbol":[],"footnotes":""},"class_list":["post-21","page","type-page","status-publish","hentry"],"post_slider_layout_featured_media_urls":{"thumbnail":"","post_slider_layout_landscape_large":"","post_slider_layout_portrait_large":"","post_slider_layout_square_large":"","post_slider_layout_landscape":"","post_slider_layout_portrait":"","post_slider_layout_square":"","full":""},"_links":{"self":[{"href":"https:\/\/aubeaufanion.com\/index.php\/wp-json\/wp\/v2\/pages\/21","targetHints":{"allow":["GET"]}}],"collection":[{"href":"https:\/\/aubeaufanion.com\/index.php\/wp-json\/wp\/v2\/pages"}],"about":[{"href":"https:\/\/aubeaufanion.com\/index.php\/wp-json\/wp\/v2\/types\/page"}],"author":[{"embeddable":true,"href":"https:\/\/aubeaufanion.com\/index.php\/wp-json\/wp\/v2\/users\/1"}],"replies":[{"embeddable":true,"href":"https:\/\/aubeaufanion.com\/index.php\/wp-json\/wp\/v2\/comments?post=21"}],"version-history":[{"count":3,"href":"https:\/\/aubeaufanion.com\/index.php\/wp-json\/wp\/v2\/pages\/21\/revisions"}],"predecessor-version":[{"id":151,"href":"https:\/\/aubeaufanion.com\/index.php\/wp-json\/wp\/v2\/pages\/21\/revisions\/151"}],"wp:attachment":[{"href":"https:\/\/aubeaufanion.com\/index.php\/wp-json\/wp\/v2\/media?parent=21"}],"curies":[{"name":"wp","href":"https:\/\/api.w.org\/{rel}","templated":true}]}}