{"id":2,"date":"2024-06-07T12:53:36","date_gmt":"2024-06-07T12:53:36","guid":{"rendered":"https:\/\/allabibcom.ma\/aubeaufanion\/?page_id=2"},"modified":"2024-08-14T22:38:14","modified_gmt":"2024-08-14T21:38:14","slug":"nos-references","status":"publish","type":"page","link":"https:\/\/aubeaufanion.com\/index.php\/nos-references\/","title":{"rendered":"Nos R\u00e9f\u00e9rences"},"content":{"rendered":"\n<div class=\"wp-block-columns is-layout-flex wp-container-core-columns-is-layout-9d6595d7 wp-block-columns-is-layout-flex\">\n<div class=\"wp-block-column is-layout-flow wp-block-column-is-layout-flow\">\n<div class=\"wp-block-columns is-layout-flex wp-container-core-columns-is-layout-9d6595d7 wp-block-columns-is-layout-flex\">\n<div class=\"wp-block-column is-layout-flow wp-block-column-is-layout-flow\" style=\"flex-basis:50%\">\n<p class=\"has-vivid-red-color has-text-color has-link-color wp-elements-12b9f86ba3644811c887274b0d34455e\"><strong>INSTITUTIONS ROYALES<\/strong><\/p>\n\n\n\n<ul class=\"wp-block-list\">\n<li><strong>COUR ROYALE<\/strong><\/li>\n\n\n\n<li><b>BIBLIOTH\u00c8QUE ROYALE<\/b><\/li>\n\n\n\n<li><b>MAUSOL\u00c9E MOHAMED V<\/b><\/li>\n\n\n\n<li><strong>\u2026<\/strong><\/li>\n<\/ul>\n\n\n\n<p class=\"has-vivid-red-color has-text-color has-link-color wp-elements-a914c0d97061d22405797197e361fa46\"><strong>INSTITUTIONS PUBLIQUES<\/strong><\/p>\n\n\n\n<ul class=\"wp-block-list\">\n<li><b>MINIST\u00c8RE DES AFFAIRES\u00a0\u00c9TRANG\u00c8RES<\/b><\/li>\n\n\n\n<li><b>MINIST\u00c8RE DE\u00a0L\u2019INT\u00c9RIEUR<\/b><\/li>\n\n\n\n<li><b>MINIST\u00c8RE DE L\u2019HABITAT<\/b><\/li>\n\n\n\n<li><b>MINIST\u00c8RE DE L\u2019EDUCATION NATIONALE<\/b><\/li>\n\n\n\n<li><b>MINIST\u00c8RE\u00a0DE LA\u00a0SOLIDARIT\u00c9<\/b><\/li>\n\n\n\n<li><strong>COUR CONSTITUTIONNELLE<\/strong><\/li>\n\n\n\n<li><strong>D.G.S.N<\/strong><\/li>\n\n\n\n<li><strong>\u2026<\/strong><\/li>\n<\/ul>\n\n\n\n<p class=\"has-vivid-red-color has-text-color has-link-color wp-elements-4ecde9e59a9901ec4d7da41c31e71dc5\"><strong>INSTITUTIONS&nbsp;<\/strong><span style=\"text-align: var(--bs-body-text-align);\"><b>\u00c9TRANG\u00c8RES<\/b><\/span><\/p>\n\n\n\n<ul class=\"wp-block-list\">\n<li><b>BANQUE EUROP\u00c9ENNE D&rsquo;INVESTISSEMENT<\/b><\/li>\n\n\n\n<li><strong>PEACE CORPS<\/strong><\/li>\n\n\n\n<li><strong>I.S.E.S.C.O<\/strong><\/li>\n\n\n\n<li><strong>CORPS DIPLOMATIQUE ET CONSULAIRE<\/strong><\/li>\n\n\n\n<li><strong>\u2026<\/strong><\/li>\n<\/ul>\n<\/div>\n\n\n\n<div class=\"wp-block-column is-layout-flow wp-block-column-is-layout-flow\">\n<p><\/p>\n\n\n\n<p class=\"has-vivid-red-color has-text-color has-link-color wp-elements-395d04a82fbb9f14f6dabe39d5141112\"><strong>ETABLISSEMENTS PUBLICS<\/strong><\/p>\n\n\n\n<ul class=\"wp-block-list\">\n<li><strong>C.D.G<\/strong><\/li>\n\n\n\n<li><strong>O.N.H.Y.M<\/strong><\/li>\n\n\n\n<li><strong>C.N.S.S<\/strong><\/li>\n\n\n\n<li><strong>FONDATION HASSAN II<\/strong><\/li>\n\n\n\n<li><strong>C.N.E.S.T.E.N<\/strong><\/li>\n\n\n\n<li><strong>I.R.E.S.E.N<\/strong><\/li>\n\n\n\n<li><strong>GREEN PARK<\/strong><\/li>\n\n\n\n<li><strong>C.R.T.S<\/strong><\/li>\n\n\n\n<li><strong>S.N.T.L<\/strong><\/li>\n\n\n\n<li><strong>C.N.O.P.S<\/strong><\/li>\n\n\n\n<li><strong>C.N.R.T<\/strong><\/li>\n\n\n\n<li><strong>O.N.E.E<\/strong><\/li>\n\n\n\n<li><strong>H.A.C.A<\/strong><\/li>\n\n\n\n<li><strong>\u2026<\/strong><\/li>\n<\/ul>\n\n\n\n<p><\/p>\n\n\n\n<p><strong><mark style=\"background-color:rgba(0, 0, 0, 0)\" class=\"has-inline-color has-vivid-red-color\">FORCES ARM\u00c9ES ROYALES<\/mark><\/strong><\/p>\n\n\n\n<ul class=\"wp-block-list\">\n<li><strong>DIRECTION INTERARMES DE L\u2019INTENDANCE<\/strong><\/li>\n\n\n\n<li><strong>GENDARMERIE ROYALE<\/strong><\/li>\n\n\n\n<li><strong>MARINE ROYALE<\/strong><\/li>\n\n\n\n<li><strong>\u2026<\/strong><\/li>\n<\/ul>\n<\/div>\n<\/div>\n<\/div>\n<\/div>\n\n\n\n<p><\/p>\n","protected":false},"excerpt":{"rendered":"<p>INSTITUTIONS ROYALES INSTITUTIONS PUBLIQUES INSTITUTIONS&nbsp;\u00c9TRANG\u00c8RES ETABLISSEMENTS PUBLICS FORCES ARM\u00c9ES ROYALES<\/p>\n","protected":false},"author":1,"featured_media":0,"parent":0,"menu_order":0,"comment_status":"closed","ping_status":"closed","template":"","meta":{"_regular_price":[],"currency_symbol":[],"footnotes":""},"class_list":["post-2","page","type-page","status-publish","hentry"],"post_slider_layout_featured_media_urls":{"thumbnail":"","post_slider_layout_landscape_large":"","post_slider_layout_portrait_large":"","post_slider_layout_square_large":"","post_slider_layout_landscape":"","post_slider_layout_portrait":"","post_slider_layout_square":"","full":""},"_links":{"self":[{"href":"https:\/\/aubeaufanion.com\/index.php\/wp-json\/wp\/v2\/pages\/2","targetHints":{"allow":["GET"]}}],"collection":[{"href":"https:\/\/aubeaufanion.com\/index.php\/wp-json\/wp\/v2\/pages"}],"about":[{"href":"https:\/\/aubeaufanion.com\/index.php\/wp-json\/wp\/v2\/types\/page"}],"author":[{"embeddable":true,"href":"https:\/\/aubeaufanion.com\/index.php\/wp-json\/wp\/v2\/users\/1"}],"replies":[{"embeddable":true,"href":"https:\/\/aubeaufanion.com\/index.php\/wp-json\/wp\/v2\/comments?post=2"}],"version-history":[{"count":6,"href":"https:\/\/aubeaufanion.com\/index.php\/wp-json\/wp\/v2\/pages\/2\/revisions"}],"predecessor-version":[{"id":448,"href":"https:\/\/aubeaufanion.com\/index.php\/wp-json\/wp\/v2\/pages\/2\/revisions\/448"}],"wp:attachment":[{"href":"https:\/\/aubeaufanion.com\/index.php\/wp-json\/wp\/v2\/media?parent=2"}],"curies":[{"name":"wp","href":"https:\/\/api.w.org\/{rel}","templated":true}]}}