{"id":156,"date":"2024-06-09T20:08:16","date_gmt":"2024-06-09T20:08:16","guid":{"rendered":"https:\/\/allabibcom.ma\/aubeaufanion\/?page_id=156"},"modified":"2024-06-09T20:08:16","modified_gmt":"2024-06-09T20:08:16","slug":"nos-avantages","status":"publish","type":"page","link":"https:\/\/aubeaufanion.com\/index.php\/nos-avantages\/","title":{"rendered":"Nos avantages"},"content":{"rendered":"\n<figure class=\"wp-block-image size-large\"><img loading=\"lazy\" decoding=\"async\" width=\"1024\" height=\"125\" src=\"https:\/\/allabibcom.ma\/aubeaufanion\/wp-content\/uploads\/2024\/06\/banner1170x143-1024x125.jpg\" alt=\"\" class=\"wp-image-137\" srcset=\"https:\/\/aubeaufanion.com\/wp-content\/uploads\/2024\/06\/banner1170x143-1024x125.jpg 1024w, https:\/\/aubeaufanion.com\/wp-content\/uploads\/2024\/06\/banner1170x143-300x37.jpg 300w, https:\/\/aubeaufanion.com\/wp-content\/uploads\/2024\/06\/banner1170x143-768x94.jpg 768w, https:\/\/aubeaufanion.com\/wp-content\/uploads\/2024\/06\/banner1170x143-600x73.jpg 600w, https:\/\/aubeaufanion.com\/wp-content\/uploads\/2024\/06\/banner1170x143.jpg 1170w\" sizes=\"auto, (max-width: 1024px) 100vw, 1024px\" \/><\/figure>\n\n\n<p>Notre entreprise sp\u00e9cialis\u00e9e dans la confection de drapeaux<\/p>\n<p>La rapport qualit\u00e9 &#8211; prix de nos produits<\/p>","protected":false},"excerpt":{"rendered":"<p>Notre entreprise sp\u00e9cialis\u00e9e dans la confection de drapeaux La rapport qualit\u00e9 &#8211; prix de nos produits<\/p>\n","protected":false},"author":1,"featured_media":0,"parent":0,"menu_order":0,"comment_status":"closed","ping_status":"closed","template":"","meta":{"_regular_price":[],"currency_symbol":[],"footnotes":""},"class_list":["post-156","page","type-page","status-publish","hentry"],"post_slider_layout_featured_media_urls":{"thumbnail":"","post_slider_layout_landscape_large":"","post_slider_layout_portrait_large":"","post_slider_layout_square_large":"","post_slider_layout_landscape":"","post_slider_layout_portrait":"","post_slider_layout_square":"","full":""},"_links":{"self":[{"href":"https:\/\/aubeaufanion.com\/index.php\/wp-json\/wp\/v2\/pages\/156","targetHints":{"allow":["GET"]}}],"collection":[{"href":"https:\/\/aubeaufanion.com\/index.php\/wp-json\/wp\/v2\/pages"}],"about":[{"href":"https:\/\/aubeaufanion.com\/index.php\/wp-json\/wp\/v2\/types\/page"}],"author":[{"embeddable":true,"href":"https:\/\/aubeaufanion.com\/index.php\/wp-json\/wp\/v2\/users\/1"}],"replies":[{"embeddable":true,"href":"https:\/\/aubeaufanion.com\/index.php\/wp-json\/wp\/v2\/comments?post=156"}],"version-history":[{"count":1,"href":"https:\/\/aubeaufanion.com\/index.php\/wp-json\/wp\/v2\/pages\/156\/revisions"}],"predecessor-version":[{"id":157,"href":"https:\/\/aubeaufanion.com\/index.php\/wp-json\/wp\/v2\/pages\/156\/revisions\/157"}],"wp:attachment":[{"href":"https:\/\/aubeaufanion.com\/index.php\/wp-json\/wp\/v2\/media?parent=156"}],"curies":[{"name":"wp","href":"https:\/\/api.w.org\/{rel}","templated":true}]}}